{"id":955,"date":"2020-11-30T06:38:35","date_gmt":"2020-11-30T06:38:35","guid":{"rendered":"http:\/\/www.euegeajans.com\/?page_id=955"},"modified":"2020-11-30T06:41:34","modified_gmt":"2020-11-30T06:41:34","slug":"haber-arsivi","status":"publish","type":"page","link":"https:\/\/www.euegeajans.com\/index.php\/haber-arsivi\/","title":{"rendered":"Haber Ar\u015fivi"},"content":{"rendered":"\n<p><strong>16 Kas\u0131m 2020<\/strong> tarihinden \u00f6nceki haberlerimize <a href=\"http:\/\/www.egeajans.ege.edu.tr\" target=\"_blank\" rel=\"noreferrer noopener\">www.egeajans.ege.edu.tr<\/a> adresinden ula\u015fabilirsiniz.<\/p>\n","protected":false},"excerpt":{"rendered":"<p>16 Kas\u0131m 2020 tarihinden \u00f6nceki haberlerimize www.egeajans.ege.edu.tr adresinden ula\u015fabilirsiniz.<\/p>\n","protected":false},"author":2,"featured_media":0,"parent":0,"menu_order":0,"comment_status":"closed","ping_status":"closed","template":"","meta":{"footnotes":""},"class_list":["post-955","page","type-page","status-publish","hentry"],"_links":{"self":[{"href":"https:\/\/www.euegeajans.com\/index.php\/wp-json\/wp\/v2\/pages\/955","targetHints":{"allow":["GET"]}}],"collection":[{"href":"https:\/\/www.euegeajans.com\/index.php\/wp-json\/wp\/v2\/pages"}],"about":[{"href":"https:\/\/www.euegeajans.com\/index.php\/wp-json\/wp\/v2\/types\/page"}],"author":[{"embeddable":true,"href":"https:\/\/www.euegeajans.com\/index.php\/wp-json\/wp\/v2\/users\/2"}],"replies":[{"embeddable":true,"href":"https:\/\/www.euegeajans.com\/index.php\/wp-json\/wp\/v2\/comments?post=955"}],"version-history":[{"count":3,"href":"https:\/\/www.euegeajans.com\/index.php\/wp-json\/wp\/v2\/pages\/955\/revisions"}],"predecessor-version":[{"id":964,"href":"https:\/\/www.euegeajans.com\/index.php\/wp-json\/wp\/v2\/pages\/955\/revisions\/964"}],"wp:attachment":[{"href":"https:\/\/www.euegeajans.com\/index.php\/wp-json\/wp\/v2\/media?parent=955"}],"curies":[{"name":"wp","href":"https:\/\/api.w.org\/{rel}","templated":true}]}}