{"id":31043,"date":"2025-11-14T10:19:02","date_gmt":"2025-11-14T10:19:02","guid":{"rendered":"https:\/\/www.euegeajans.com\/?page_id=31043"},"modified":"2025-11-14T10:19:03","modified_gmt":"2025-11-14T10:19:03","slug":"eu-basin-tarihi","status":"publish","type":"page","link":"https:\/\/www.euegeajans.com\/index.php\/eu-basin-tarihi\/","title":{"rendered":"E\u00dc Bas\u0131n Tarihi"},"content":{"rendered":"<p style=\"text-align: justify;\">1955 y\u0131l\u0131nda kurulan\u00a0<strong>Ege \u00dcniversitesi<\/strong>, T\u00fcrkiye\u2019nin k\u00f6kl\u00fc devlet \u00fcniversitelerinden biri olarak yaln\u0131zca bilimsel \u00fcretimiyle de\u011fil,\u00a0<strong>medya ve ileti\u015fim alan\u0131ndaki \u00f6nc\u00fc faaliyetleriyle<\/strong>\u00a0de dikkat \u00e7ekmi\u015ftir. Kurulu\u015fundan bug\u00fcne, \u00fcniversitenin farkl\u0131 birimleri, y\u00f6netimleri ve \u00f6\u011frencileri taraf\u0131ndan haz\u0131rlanan\u00a0<strong>gazeteler, dergiler ve b\u00fcltenler<\/strong>, Ege \u00dcniversitesi\u2019nin kurumsal belle\u011fini ve ileti\u015fim k\u00fclt\u00fcr\u00fcn\u00fc yans\u0131tan \u00e7ok de\u011ferli belgelerdir.<\/p>\n<p style=\"text-align: justify;\">Ege \u00dcniversitesi\u2019nde matbuat gelene\u011fi, yaln\u0131zca bir bilgilendirme arac\u0131 olman\u0131n \u00f6tesine ge\u00e7mi\u015f;\u00a0<strong>\u00fcniversite k\u00fclt\u00fcr\u00fcn\u00fcn ve akademik ya\u015fam\u0131n nabz\u0131n\u0131 tutan bir ekol<\/strong>\u00a0haline gelmi\u015ftir.<\/p>\n<p style=\"text-align: justify;\"><strong>Ege \u00dcniversitesi Medya Uygulama ve Ara\u015ft\u0131rma Merkezi (EGEMM)<\/strong>\u00a0olarak titiz ar\u015fiv \u00e7al\u0131\u015fmalar\u0131 sonunda\u00a0 derleyerek bir araya getirdi\u011fimiz bu yay\u0131nlar\u0131\u00a0<strong>ilk kez dijital ortamda<\/strong>\u00a0ara\u015ft\u0131rmac\u0131lar\u0131n ve kamuoyunun eri\u015fimine a\u00e7\u0131yoruz. Bu yay\u0131nlar, Ege \u00dcniversitesi\u2019nin medya ge\u00e7mi\u015fine \u0131\u015f\u0131k tutarken ayn\u0131 zamanda\u00a0<strong>kurumsal kimli\u011finin s\u00fcreklili\u011fini, sorumluluk anlay\u0131\u015f\u0131n\u0131 ve ar\u015fiv bilincini<\/strong>\u00a0de ortaya koymaktad\u0131r.<\/p>\n<p style=\"text-align: justify;\">Ege \u00dcniversitesi, 70 y\u0131l\u0131 a\u015fk\u0131n yay\u0131nc\u0131l\u0131k deneyimiyle,\u00a0<strong>bilgiyi payla\u015fmay\u0131 ve gelece\u011fe aktarmay\u0131 bir g\u00f6rev bilmi\u015f<\/strong>, ileti\u015fim alan\u0131ndaki birikimini her d\u00f6nemde b\u00fcy\u00fck bir titizlik ve \u00f6zveriyle s\u00fcrd\u00fcrm\u00fc\u015ft\u00fcr. Bu dijital ar\u015fiv, yaln\u0131zca ge\u00e7mi\u015fin bir aynas\u0131 de\u011fil; ayn\u0131 zamanda gelece\u011fin medya ara\u015ft\u0131rmalar\u0131na ilham verecek bir\u00a0<strong>bilimsel ve k\u00fclt\u00fcrel miras<\/strong>\u00a0niteli\u011findedir.<\/p>\n<p><strong>Gazeteler &amp; B\u00fcltenler<\/strong><\/p>\n<ol>\n<li>\u00dcniversite Gazetesi\u00a0<a href=\"https:\/\/drive.google.com\/file\/d\/1SW6ZeNMwjcQhx3-yHeQv9rDdhJB54Rn8\/view?usp=sharing\">(1966)<\/a><\/li>\n<li>Ege \u00dcniversitesi Haber B\u00fclteni\u00a0<a href=\"https:\/\/drive.google.com\/file\/d\/13ewjBUUTAea338Uc_o436vUxM3Vh17hz\/view?usp=sharing\">(1976)<\/a><\/li>\n<li>Ege \u00dcniversitesi B\u00fclteni\u00a0<a href=\"https:\/\/drive.google.com\/file\/d\/1Yu8KS76BJjc0hq6jj8FDWdauiN67NE7f\/view?usp=sharing\">(1982)<\/a><\/li>\n<li>Kalem Gazetesi Say\u0131: 1\u00a0<a href=\"https:\/\/drive.google.com\/file\/d\/1ufZ4xF3BJJyy3YhdXVw3GjXJ_ZkZhEME\/view?usp=sharing\">(1983)<\/a><\/li>\n<li>Ege \u00dcniversitesi Kalem Gazetesi \u2013 \u00d6zel Ek\u00a0<a href=\"https:\/\/drive.google.com\/file\/d\/1RP-KoQ1HZqvywzircGeFtelat4et0DvN\/view?usp=sharing\" rel=\"noopener\">(1992)<\/a><\/li>\n<\/ol>\n","protected":false},"excerpt":{"rendered":"<p>1955 y\u0131l\u0131nda kurulan\u00a0Ege \u00dcniversitesi, T\u00fcrkiye\u2019nin k\u00f6kl\u00fc devlet \u00fcniversitelerinden biri olarak yaln\u0131zca bilimsel \u00fcretimiyle de\u011fil,\u00a0medya ve&#8230;<\/p>\n","protected":false},"author":1,"featured_media":0,"parent":0,"menu_order":0,"comment_status":"closed","ping_status":"closed","template":"","meta":{"footnotes":""},"class_list":["post-31043","page","type-page","status-publish","hentry"],"_links":{"self":[{"href":"https:\/\/www.euegeajans.com\/index.php\/wp-json\/wp\/v2\/pages\/31043","targetHints":{"allow":["GET"]}}],"collection":[{"href":"https:\/\/www.euegeajans.com\/index.php\/wp-json\/wp\/v2\/pages"}],"about":[{"href":"https:\/\/www.euegeajans.com\/index.php\/wp-json\/wp\/v2\/types\/page"}],"author":[{"embeddable":true,"href":"https:\/\/www.euegeajans.com\/index.php\/wp-json\/wp\/v2\/users\/1"}],"replies":[{"embeddable":true,"href":"https:\/\/www.euegeajans.com\/index.php\/wp-json\/wp\/v2\/comments?post=31043"}],"version-history":[{"count":1,"href":"https:\/\/www.euegeajans.com\/index.php\/wp-json\/wp\/v2\/pages\/31043\/revisions"}],"predecessor-version":[{"id":31044,"href":"https:\/\/www.euegeajans.com\/index.php\/wp-json\/wp\/v2\/pages\/31043\/revisions\/31044"}],"wp:attachment":[{"href":"https:\/\/www.euegeajans.com\/index.php\/wp-json\/wp\/v2\/media?parent=31043"}],"curies":[{"name":"wp","href":"https:\/\/api.w.org\/{rel}","templated":true}]}}