{"id":301,"date":"2020-10-30T10:32:57","date_gmt":"2020-10-30T10:32:57","guid":{"rendered":"http:\/\/www.euegeajans.com\/?page_id=301"},"modified":"2023-02-03T06:20:29","modified_gmt":"2023-02-03T06:20:29","slug":"tanitim-videolari","status":"publish","type":"page","link":"https:\/\/www.euegeajans.com\/index.php\/tanitim-videolari\/","title":{"rendered":"Tan\u0131t\u0131m Videolar\u0131"},"content":{"rendered":"\n<figure class=\"wp-block-embed is-type-video is-provider-youtube wp-block-embed-youtube wp-embed-aspect-16-9 wp-has-aspect-ratio\"><div class=\"wp-block-embed__wrapper\">\n<iframe loading=\"lazy\" title=\"Ege \u00dcniversitesi Tan\u0131t\u0131m Filmi (2022-2023 Akademik Y\u0131l\u0131)\" width=\"640\" height=\"360\" src=\"https:\/\/www.youtube.com\/embed\/8Ew6ti5T2O0?feature=oembed\" frameborder=\"0\" allow=\"accelerometer; autoplay; clipboard-write; encrypted-media; gyroscope; picture-in-picture; web-share\" referrerpolicy=\"strict-origin-when-cross-origin\" allowfullscreen><\/iframe>\n<\/div><\/figure>\n","protected":false},"excerpt":{"rendered":"","protected":false},"author":1,"featured_media":0,"parent":0,"menu_order":0,"comment_status":"closed","ping_status":"closed","template":"","meta":{"footnotes":""},"class_list":["post-301","page","type-page","status-publish","hentry"],"_links":{"self":[{"href":"https:\/\/www.euegeajans.com\/index.php\/wp-json\/wp\/v2\/pages\/301","targetHints":{"allow":["GET"]}}],"collection":[{"href":"https:\/\/www.euegeajans.com\/index.php\/wp-json\/wp\/v2\/pages"}],"about":[{"href":"https:\/\/www.euegeajans.com\/index.php\/wp-json\/wp\/v2\/types\/page"}],"author":[{"embeddable":true,"href":"https:\/\/www.euegeajans.com\/index.php\/wp-json\/wp\/v2\/users\/1"}],"replies":[{"embeddable":true,"href":"https:\/\/www.euegeajans.com\/index.php\/wp-json\/wp\/v2\/comments?post=301"}],"version-history":[{"count":6,"href":"https:\/\/www.euegeajans.com\/index.php\/wp-json\/wp\/v2\/pages\/301\/revisions"}],"predecessor-version":[{"id":13765,"href":"https:\/\/www.euegeajans.com\/index.php\/wp-json\/wp\/v2\/pages\/301\/revisions\/13765"}],"wp:attachment":[{"href":"https:\/\/www.euegeajans.com\/index.php\/wp-json\/wp\/v2\/media?parent=301"}],"curies":[{"name":"wp","href":"https:\/\/api.w.org\/{rel}","templated":true}]}}