{"id":151,"date":"2020-10-29T15:46:21","date_gmt":"2020-10-29T15:46:21","guid":{"rendered":"http:\/\/www.euegeajans.com\/?page_id=151"},"modified":"2020-10-29T15:48:03","modified_gmt":"2020-10-29T15:48:03","slug":"iletisim","status":"publish","type":"page","link":"https:\/\/www.euegeajans.com\/index.php\/iletisim\/","title":{"rendered":"\u0130leti\u015fim"},"content":{"rendered":"<p><strong>EGE \u00dcN\u0130VERS\u0130TES\u0130 MEDYA UYGULAMA VE ARA\u015eTIRMA MERKEZ\u0130 (EGEMM)<\/strong><br \/>\nSekreterlik: 0 (232) 311 48 52<br \/>\nElektronik Posta: egem@mail.ege.edu.tr<\/p>\n<ul>\n<li><a href=\"https:\/\/www.instagram.com\/eumedyamerkezi\/\">E.\u00dc. Medya Merkezi <strong>Instagram<\/strong>\u00a0Hesab\u0131<\/a><\/li>\n<li><a href=\"https:\/\/twitter.com\/EUMedyaMerkezi\">E.\u00dc. Medya Merkezi\u00a0<strong>Twitter<\/strong>\u00a0Hesab\u0131<\/a><\/li>\n<li><a href=\"https:\/\/www.facebook.com\/EUMedyaMerkezi\">E.\u00dc. Medya Merkezi\u00a0<strong>Facebook<\/strong>\u00a0Hesab\u0131<\/a><\/li>\n<\/ul>\n<p><strong>Ege \u00dcniversitesi Haber Ajans\u0131 (EGE AJANS)<\/strong><br \/>\nTel: 0 (232) 311 16 42, 0 (232) 311 39 00<br \/>\nE-Posta: egeajans1@gmail.com<br \/>\nURL:\u00a0<a href=\"https:\/\/egeajans.ege.edu.tr\/\">https:\/\/egeajans.ege.edu.tr<\/a><\/p>\n<ul>\n<li><a href=\"https:\/\/www.instagram.com\/egeajans87\/\">Ege Ajans <strong>Instagram<\/strong> Hesab\u0131<\/a><\/li>\n<li><a href=\"https:\/\/twitter.com\/egeajans87\">Ege Ajans <strong>Twitter<\/strong> Hesab\u0131<\/a><\/li>\n<li><a href=\"https:\/\/www.facebook.com\/ajansege\/\">Ege Ajans <strong>Facebook<\/strong> Hesab\u0131<\/a><\/li>\n<\/ul>\n<p><strong>Ege \u00dcniversitesi Televizyonu<\/strong><br \/>\nTel: 0 (232) 311 48 51<br \/>\ne-posta: tv@mail.ege.edu.tr<br \/>\nURL: <a href=\"http:\/\/www.eutv.tv\/\">www.eutv.tv<\/a><\/p>\n<ul>\n<li><a href=\"https:\/\/www.instagram.com\/egeuniversitesitv\/\">Ege \u00dcniversitesi TV <strong>Instagram<\/strong> Hesab\u0131<\/a><\/li>\n<li><a href=\"https:\/\/twitter.com\/EgeUniTV\">Ege \u00dcniversitesi TV\u00a0<strong>Twitter<\/strong>\u00a0Hesab\u0131<\/a><\/li>\n<li><a href=\"https:\/\/www.facebook.com\/egeuniversitesitv\">Ege \u00dcniversitesi TV\u00a0<strong>Facebook<\/strong>\u00a0Hesab\u0131<\/a><\/li>\n<\/ul>\n<p><strong>Radyo Ege Kamp\u00fcs 100.8<\/strong><br \/>\nTel: 0 (232) 342 43 02<br \/>\ne-posta: radyo@mail.ege.edu.tr<br \/>\nURL: <a href=\"https:\/\/radyo.ege.edu.tr\/\">https:\/\/radyo.ege.edu.tr<\/a><\/p>\n<ul>\n<li><a href=\"http:\/\/www.instagram.com\/radyoegekampus\/\">Radyo Ege Kamp\u00fcs\u00a0<strong>Instagram<\/strong>\u00a0Hesab\u0131<\/a><\/li>\n<li><a href=\"https:\/\/twitter.com\/RadyoEgeKampus\">R<\/a><a href=\"https:\/\/twitter.com\/RadyoEgeKampus\">adyo Ege Kamp\u00fcs\u00a0<strong>Twitter<\/strong>\u00a0Hesab\u0131<\/a><\/li>\n<li><a href=\"https:\/\/www.facebook.com\/radyoegekampus100.8\/\">Radyo Ege Kamp\u00fcs\u00a0<strong>Facebook<\/strong>\u00a0Hesab\u0131<\/a><\/li>\n<\/ul>\n","protected":false},"excerpt":{"rendered":"<p>EGE \u00dcN\u0130VERS\u0130TES\u0130 MEDYA UYGULAMA VE ARA\u015eTIRMA MERKEZ\u0130 (EGEMM) Sekreterlik: 0 (232) 311 48 52 Elektronik&#8230;<\/p>\n","protected":false},"author":1,"featured_media":0,"parent":0,"menu_order":0,"comment_status":"closed","ping_status":"closed","template":"","meta":{"footnotes":""},"class_list":["post-151","page","type-page","status-publish","hentry"],"_links":{"self":[{"href":"https:\/\/www.euegeajans.com\/index.php\/wp-json\/wp\/v2\/pages\/151","targetHints":{"allow":["GET"]}}],"collection":[{"href":"https:\/\/www.euegeajans.com\/index.php\/wp-json\/wp\/v2\/pages"}],"about":[{"href":"https:\/\/www.euegeajans.com\/index.php\/wp-json\/wp\/v2\/types\/page"}],"author":[{"embeddable":true,"href":"https:\/\/www.euegeajans.com\/index.php\/wp-json\/wp\/v2\/users\/1"}],"replies":[{"embeddable":true,"href":"https:\/\/www.euegeajans.com\/index.php\/wp-json\/wp\/v2\/comments?post=151"}],"version-history":[{"count":2,"href":"https:\/\/www.euegeajans.com\/index.php\/wp-json\/wp\/v2\/pages\/151\/revisions"}],"predecessor-version":[{"id":154,"href":"https:\/\/www.euegeajans.com\/index.php\/wp-json\/wp\/v2\/pages\/151\/revisions\/154"}],"wp:attachment":[{"href":"https:\/\/www.euegeajans.com\/index.php\/wp-json\/wp\/v2\/media?parent=151"}],"curies":[{"name":"wp","href":"https:\/\/api.w.org\/{rel}","templated":true}]}}